{"id":15,"date":"2019-03-09T10:12:50","date_gmt":"2019-03-09T09:12:50","guid":{"rendered":"http:\/\/3dsi.fr\/?page_id=15"},"modified":"2019-03-10T16:32:18","modified_gmt":"2019-03-10T15:32:18","slug":"particuliers","status":"publish","type":"page","link":"https:\/\/www.3dsi.fr\/?page_id=15","title":{"rendered":"Particuliers"},"content":{"rendered":"<div id=\"pl-gb15-69e5e87c6aaf6\"  class=\"panel-layout\" ><div id=\"pg-gb15-69e5e87c6aaf6-0\"  class=\"panel-grid panel-no-style\" ><div id=\"pgc-gb15-69e5e87c6aaf6-0-0\"  class=\"panel-grid-cell\" ><div id=\"panel-gb15-69e5e87c6aaf6-0-0-0\" class=\"so-panel widget widget_siteorigin-panels-builder panel-first-child panel-last-child\" data-index=\"0\" ><div id=\"pl-w5c852e017438b\"  class=\"panel-layout\" ><div id=\"pg-w5c852e017438b-0\"  class=\"panel-grid panel-no-style\" ><div id=\"pgc-w5c852e017438b-0-0\"  class=\"panel-grid-cell\" ><div id=\"panel-w5c852e017438b-0-0-0\" class=\"so-panel widget widget_text panel-first-child panel-last-child\" data-index=\"0\" >\t\t\t<div class=\"textwidget\"><p>Depuis sa cr\u00e9ation en mai 2010, 3DSI s&rsquo;efforce de r\u00e9soudre vos probl\u00e9matiques informatiques, avec le plus grand professionnalisme possible.<\/p>\n<h3>Pour qui ?<\/h3>\n<ul>\n<li>Pour toutes les personnes ayant des probl\u00e8mes informatiques<\/li>\n<li>Vous souhaitez des conseils pour un nouvel achat<\/li>\n<li>Votre ordinateur est de plus en plus lent<\/li>\n<\/ul>\n<h3>O\u00f9 ?<\/h3>\n<p>Je me d\u00e9place \u00e0 votre domicile pour un diagnostic dans un rayon de 20 kms autour de Troyes.<\/p>\n<\/div>\n\t\t<\/div><\/div><\/div><\/div><\/div><\/div><div id=\"pgc-gb15-69e5e87c6aaf6-0-1\"  class=\"panel-grid-cell\" ><div id=\"panel-gb15-69e5e87c6aaf6-0-1-0\" class=\"so-panel widget widget_text panel-first-child panel-last-child\" data-index=\"1\" >\t\t\t<div class=\"textwidget\"><h3><strong>50\u20ac TTC l&rsquo;heure*<\/strong><\/h3>\n<p>TVA non applicable, art. 293 B du CGI<\/p>\n<p>&nbsp;<\/p>\n<p>Tous les jours de <strong>17h00 \u00e0 20h00<\/strong><\/p>\n<p>le samedi de <strong>9h00 \u00e0 18h00<\/strong>.<\/p>\n<h3><strong> <a title=\"\\&quot;Formulaire\" href=\"\\&quot;#\\&quot;\">contact@3dsi.fr<\/a><\/strong><\/h3>\n<h3><strong><strong>06 63 49 77 11<\/strong><\/strong><\/h3>\n<p>&nbsp;<\/p>\n<p>&nbsp;<\/p>\n<p>*minimum 1h factur\u00e9e par d\u00e9placement<\/p>\n<\/div>\n\t\t<\/div><\/div><\/div><\/div>","protected":false},"excerpt":{"rendered":"<p>50\u20ac TTC l&rsquo;heure* TVA non applicable, art. 293 B du CGI &nbsp; Tous les jours de 17h00 \u00e0 20h00 le samedi de 9h00 \u00e0 18h00. contact@3dsi.fr 06 63 49 77 11 &nbsp; &nbsp; *minimum 1h factur\u00e9e par d\u00e9placement<\/p>\n","protected":false},"author":1,"featured_media":0,"parent":0,"menu_order":0,"comment_status":"closed","ping_status":"closed","template":"","meta":{"footnotes":""},"class_list":["post-15","page","type-page","status-publish","hentry"],"aioseo_notices":[],"_links":{"self":[{"href":"https:\/\/www.3dsi.fr\/index.php?rest_route=\/wp\/v2\/pages\/15","targetHints":{"allow":["GET"]}}],"collection":[{"href":"https:\/\/www.3dsi.fr\/index.php?rest_route=\/wp\/v2\/pages"}],"about":[{"href":"https:\/\/www.3dsi.fr\/index.php?rest_route=\/wp\/v2\/types\/page"}],"author":[{"embeddable":true,"href":"https:\/\/www.3dsi.fr\/index.php?rest_route=\/wp\/v2\/users\/1"}],"replies":[{"embeddable":true,"href":"https:\/\/www.3dsi.fr\/index.php?rest_route=%2Fwp%2Fv2%2Fcomments&post=15"}],"version-history":[{"count":0,"href":"https:\/\/www.3dsi.fr\/index.php?rest_route=\/wp\/v2\/pages\/15\/revisions"}],"wp:attachment":[{"href":"https:\/\/www.3dsi.fr\/index.php?rest_route=%2Fwp%2Fv2%2Fmedia&parent=15"}],"curies":[{"name":"wp","href":"https:\/\/api.w.org\/{rel}","templated":true}]}}